{"id":500,"date":"2015-05-07T07:50:28","date_gmt":"2015-05-07T07:50:28","guid":{"rendered":"http:\/\/karolbaginski.com\/linki-2\/"},"modified":"2017-12-19T14:31:18","modified_gmt":"2017-12-19T14:31:18","slug":"links","status":"publish","type":"page","link":"https:\/\/karolbaginski.com\/en\/links\/","title":{"rendered":"Links"},"content":{"rendered":"<div class=\"nch-lb-mediacontent\" data-wrap=\"post500\"><h3>Publications in English<\/h3>\n<p>First published\u00a0<a href=\"https:\/\/issuu.com\/docphotomagazine\/docs\/docphotomagazine_issue11_may2013\" target=\"_blank\" rel=\"noopener\">&#8220;One Day a Year&#8221; w doc! Photo Magazine<\/a><\/p>\n<p>Curators word about &#8220;Equivalents&#8221; group exhibition\u00a0\u00a0<a href=\"http:\/\/docphotomagazine.com\/5177\/psf-ekwiwalenty-district-19\/\" target=\"_blank\" rel=\"noopener\">w doc! Photo Magazine<\/a><\/p>\n<h3><a href=\"http:\/\/ekwiwalenty.com\/\" target=\"_blank\" rel=\"noopener\">Polish Photographic Society EKWIWALENTY<\/a><\/h3>\n<p>&nbsp;<\/p>\n<h3>Photography &amp; photographers<\/h3>\n<p class=\"entry\"><a href=\"http:\/\/michaljelinski.com\/\" target=\"_blank\" rel=\"noopener\">Micha\u0142 Jeli\u0144ski<\/a><\/p>\n<p class=\"entry\"><a href=\"http:\/\/katarzynadyszynska.art.pl\/\" target=\"_blank\" rel=\"noopener\">Katarzyna Dyszy\u0144ska<\/a><\/p>\n<p class=\"entry\"><a href=\"http:\/\/www.mojafotosfera.art.pl\/flash_index.html\" target=\"_blank\" rel=\"noopener\">Jakub Sagan<\/a><\/p>\n<p class=\"entry\"><a title=\"blog Tomka Mielecha\" href=\"http:\/\/klasycznetechnikifotograficzne.blogspot.com\/\" target=\"_blank\" rel=\"noopener\">Klasyczne techniki fotograficzne<\/a><\/p>\n<p class=\"entry\"><a href=\"http:\/\/www.docphotomagazine.com\/\" target=\"_blank\" rel=\"noopener\">DOCPHOTOMAGAZINE<\/a><\/p>\n<p><a href=\"http:\/\/www.johnpaulcaponigro.com\/lib\/artists\/caponigro.php\" target=\"_blank\" rel=\"noopener\">Paul Caponigro zapis rozmowy z synem Johnem Paulem<\/a><\/p>\n<p><a href=\"http:\/\/sallymann.com\/\" target=\"_blank\" rel=\"noopener\">Sally Mann<\/a><\/p>\n<p><a title=\"strona Flor Garduno\" href=\"http:\/\/www.florgarduno.com\/\">Flor Garduno<\/a><\/p>\n<p>&nbsp;<\/p>\n<p>&nbsp;<\/p>\n<h3>MOVIES<\/h3>\n<p>About Edward Weston<\/p>\n<p><iframe loading=\"lazy\" src=\"\/\/www.youtube.com\/embed\/g4aE2f07ON4\" width=\"640\" height=\"480\" allowfullscreen=\"allowfullscreen\"><\/iframe><\/p>\n<p>&nbsp;<\/p>\n<p>About\u00a0Ansel Adams<\/p>\n<p><iframe loading=\"lazy\" src=\"\/\/www.youtube.com\/embed\/jvt1ImIKi0U\" width=\"720\" height=\"480\" allowfullscreen=\"allowfullscreen\"><\/iframe><\/p>\n<p>&nbsp;<\/p>\n<p>About\u00a0Alfred Stieglitz<\/p>\n<p><iframe loading=\"lazy\" src=\"\/\/www.youtube.com\/embed\/PNn6H4SEgQc\" width=\"640\" height=\"480\" allowfullscreen=\"allowfullscreen\"><\/iframe><\/p>\n<p>&nbsp;<\/p>\n<p>Sally Mann Deep South:<\/p>\n<p><iframe loading=\"lazy\" src=\"\/\/www.youtube.com\/embed\/5EiW9KIZy-c\" width=\"720\" height=\"480\" allowfullscreen=\"allowfullscreen\"><\/iframe><\/p>\n<p>&nbsp;<\/p>\n<\/div>","protected":false},"excerpt":{"rendered":"<p>Publications in English First published\u00a0&#8220;One Day a Year&#8221; w doc! Photo Magazine Curators word about &#8220;Equivalents&#8221; group exhibition\u00a0\u00a0w doc! Photo Magazine Polish Photographic Society EKWIWALENTY &nbsp; Photography &amp; photographers Micha\u0142 Jeli\u0144ski Katarzyna Dyszy\u0144ska Jakub Sagan Klasyczne techniki fotograficzne DOCPHOTOMAGAZINE Paul Caponigro zapis rozmowy z synem Johnem Paulem Sally Mann Flor Garduno &nbsp; &nbsp; MOVIES About Edward Weston &nbsp; About\u00a0Ansel Adams &nbsp; About\u00a0Alfred Stieglitz &nbsp; Sally Mann Deep South: &nbsp;<\/p>\n","protected":false},"author":1,"featured_media":0,"parent":0,"menu_order":0,"comment_status":"closed","ping_status":"closed","template":"","meta":{"footnotes":""},"class_list":["post-500","page","type-page","status-publish","hentry"],"yoast_head":"<!-- This site is optimized with the Yoast SEO plugin v27.3 - https:\/\/yoast.com\/product\/yoast-seo-wordpress\/ -->\n<title>Links - Karol Bagi\u0144ski Fotografia<\/title>\n<meta name=\"description\" content=\"Links to friends in photography and inspirations. A lot of photography and little bit knowledge\" \/>\n<meta name=\"robots\" content=\"index, follow, max-snippet:-1, max-image-preview:large, max-video-preview:-1\" \/>\n<link rel=\"canonical\" href=\"https:\/\/karolbaginski.com\/en\/links\/\" \/>\n<meta property=\"og:locale\" content=\"en_US\" \/>\n<meta property=\"og:type\" content=\"article\" \/>\n<meta property=\"og:title\" content=\"Links - Karol Bagi\u0144ski Fotografia\" \/>\n<meta property=\"og:description\" content=\"Links to friends in photography and inspirations. A lot of photography and little bit knowledge\" \/>\n<meta property=\"og:url\" content=\"https:\/\/karolbaginski.com\/en\/links\/\" \/>\n<meta property=\"og:site_name\" content=\"Karol Bagi\u0144ski Fotografia\" \/>\n<meta property=\"article:publisher\" content=\"https:\/\/www.facebook.com\/karol.baginski.fotografia\" \/>\n<meta property=\"article:modified_time\" content=\"2017-12-19T14:31:18+00:00\" \/>\n<meta name=\"twitter:card\" content=\"summary_large_image\" \/>\n<meta name=\"twitter:site\" content=\"@karolbaginski\" \/>\n<script type=\"application\/ld+json\" class=\"yoast-schema-graph\">{\"@context\":\"https:\\\/\\\/schema.org\",\"@graph\":[{\"@type\":\"WebPage\",\"@id\":\"https:\\\/\\\/karolbaginski.com\\\/en\\\/links\\\/\",\"url\":\"https:\\\/\\\/karolbaginski.com\\\/en\\\/links\\\/\",\"name\":\"Links - Karol Bagi\u0144ski Fotografia\",\"isPartOf\":{\"@id\":\"https:\\\/\\\/karolbaginski.com\\\/#website\"},\"datePublished\":\"2015-05-07T07:50:28+00:00\",\"dateModified\":\"2017-12-19T14:31:18+00:00\",\"description\":\"Links to friends in photography and inspirations. A lot of photography and little bit knowledge\",\"breadcrumb\":{\"@id\":\"https:\\\/\\\/karolbaginski.com\\\/en\\\/links\\\/#breadcrumb\"},\"inLanguage\":\"en-US\",\"potentialAction\":[{\"@type\":\"ReadAction\",\"target\":[\"https:\\\/\\\/karolbaginski.com\\\/en\\\/links\\\/\"]}]},{\"@type\":\"BreadcrumbList\",\"@id\":\"https:\\\/\\\/karolbaginski.com\\\/en\\\/links\\\/#breadcrumb\",\"itemListElement\":[{\"@type\":\"ListItem\",\"position\":1,\"name\":\"Strona g\u0142\u00f3wna\",\"item\":\"https:\\\/\\\/karolbaginski.com\\\/\"},{\"@type\":\"ListItem\",\"position\":2,\"name\":\"Links\"}]},{\"@type\":\"WebSite\",\"@id\":\"https:\\\/\\\/karolbaginski.com\\\/#website\",\"url\":\"https:\\\/\\\/karolbaginski.com\\\/\",\"name\":\"Karol Bagi\u0144ski Fotografia\",\"description\":\"Autorska strona o fotografii\",\"publisher\":{\"@id\":\"https:\\\/\\\/karolbaginski.com\\\/#\\\/schema\\\/person\\\/3021ed3d9434cc4cc0555b6debb6d840\"},\"potentialAction\":[{\"@type\":\"SearchAction\",\"target\":{\"@type\":\"EntryPoint\",\"urlTemplate\":\"https:\\\/\\\/karolbaginski.com\\\/?s={search_term_string}\"},\"query-input\":{\"@type\":\"PropertyValueSpecification\",\"valueRequired\":true,\"valueName\":\"search_term_string\"}}],\"inLanguage\":\"en-US\"},{\"@type\":[\"Person\",\"Organization\"],\"@id\":\"https:\\\/\\\/karolbaginski.com\\\/#\\\/schema\\\/person\\\/3021ed3d9434cc4cc0555b6debb6d840\",\"name\":\"Karol\",\"image\":{\"@type\":\"ImageObject\",\"inLanguage\":\"en-US\",\"@id\":\"https:\\\/\\\/karolbaginski.com\\\/wp-content\\\/uploads\\\/2016\\\/08\\\/cropped-logo_kb_solo-01-1.jpg\",\"url\":\"https:\\\/\\\/karolbaginski.com\\\/wp-content\\\/uploads\\\/2016\\\/08\\\/cropped-logo_kb_solo-01-1.jpg\",\"contentUrl\":\"https:\\\/\\\/karolbaginski.com\\\/wp-content\\\/uploads\\\/2016\\\/08\\\/cropped-logo_kb_solo-01-1.jpg\",\"width\":512,\"height\":512,\"caption\":\"Karol\"},\"logo\":{\"@id\":\"https:\\\/\\\/karolbaginski.com\\\/wp-content\\\/uploads\\\/2016\\\/08\\\/cropped-logo_kb_solo-01-1.jpg\"},\"description\":\"Fotograf. Postproducent fotografii. Operator DTP. Nauczyciel.\",\"sameAs\":[\"http:\\\/\\\/www.karolbaginski.com\",\"https:\\\/\\\/www.facebook.com\\\/karol.baginski.fotografia\",\"https:\\\/\\\/www.instagram.com\\\/karolbaginskifotograf\\\/\",\"https:\\\/\\\/x.com\\\/karolbaginski\"]}]}<\/script>\n<!-- \/ Yoast SEO plugin. -->","yoast_head_json":{"title":"Links - Karol Bagi\u0144ski Fotografia","description":"Links to friends in photography and inspirations. A lot of photography and little bit knowledge","robots":{"index":"index","follow":"follow","max-snippet":"max-snippet:-1","max-image-preview":"max-image-preview:large","max-video-preview":"max-video-preview:-1"},"canonical":"https:\/\/karolbaginski.com\/en\/links\/","og_locale":"en_US","og_type":"article","og_title":"Links - Karol Bagi\u0144ski Fotografia","og_description":"Links to friends in photography and inspirations. A lot of photography and little bit knowledge","og_url":"https:\/\/karolbaginski.com\/en\/links\/","og_site_name":"Karol Bagi\u0144ski Fotografia","article_publisher":"https:\/\/www.facebook.com\/karol.baginski.fotografia","article_modified_time":"2017-12-19T14:31:18+00:00","twitter_card":"summary_large_image","twitter_site":"@karolbaginski","schema":{"@context":"https:\/\/schema.org","@graph":[{"@type":"WebPage","@id":"https:\/\/karolbaginski.com\/en\/links\/","url":"https:\/\/karolbaginski.com\/en\/links\/","name":"Links - Karol Bagi\u0144ski Fotografia","isPartOf":{"@id":"https:\/\/karolbaginski.com\/#website"},"datePublished":"2015-05-07T07:50:28+00:00","dateModified":"2017-12-19T14:31:18+00:00","description":"Links to friends in photography and inspirations. A lot of photography and little bit knowledge","breadcrumb":{"@id":"https:\/\/karolbaginski.com\/en\/links\/#breadcrumb"},"inLanguage":"en-US","potentialAction":[{"@type":"ReadAction","target":["https:\/\/karolbaginski.com\/en\/links\/"]}]},{"@type":"BreadcrumbList","@id":"https:\/\/karolbaginski.com\/en\/links\/#breadcrumb","itemListElement":[{"@type":"ListItem","position":1,"name":"Strona g\u0142\u00f3wna","item":"https:\/\/karolbaginski.com\/"},{"@type":"ListItem","position":2,"name":"Links"}]},{"@type":"WebSite","@id":"https:\/\/karolbaginski.com\/#website","url":"https:\/\/karolbaginski.com\/","name":"Karol Bagi\u0144ski Fotografia","description":"Autorska strona o fotografii","publisher":{"@id":"https:\/\/karolbaginski.com\/#\/schema\/person\/3021ed3d9434cc4cc0555b6debb6d840"},"potentialAction":[{"@type":"SearchAction","target":{"@type":"EntryPoint","urlTemplate":"https:\/\/karolbaginski.com\/?s={search_term_string}"},"query-input":{"@type":"PropertyValueSpecification","valueRequired":true,"valueName":"search_term_string"}}],"inLanguage":"en-US"},{"@type":["Person","Organization"],"@id":"https:\/\/karolbaginski.com\/#\/schema\/person\/3021ed3d9434cc4cc0555b6debb6d840","name":"Karol","image":{"@type":"ImageObject","inLanguage":"en-US","@id":"https:\/\/karolbaginski.com\/wp-content\/uploads\/2016\/08\/cropped-logo_kb_solo-01-1.jpg","url":"https:\/\/karolbaginski.com\/wp-content\/uploads\/2016\/08\/cropped-logo_kb_solo-01-1.jpg","contentUrl":"https:\/\/karolbaginski.com\/wp-content\/uploads\/2016\/08\/cropped-logo_kb_solo-01-1.jpg","width":512,"height":512,"caption":"Karol"},"logo":{"@id":"https:\/\/karolbaginski.com\/wp-content\/uploads\/2016\/08\/cropped-logo_kb_solo-01-1.jpg"},"description":"Fotograf. Postproducent fotografii. Operator DTP. Nauczyciel.","sameAs":["http:\/\/www.karolbaginski.com","https:\/\/www.facebook.com\/karol.baginski.fotografia","https:\/\/www.instagram.com\/karolbaginskifotograf\/","https:\/\/x.com\/karolbaginski"]}]}},"_links":{"self":[{"href":"https:\/\/karolbaginski.com\/en\/wp-json\/wp\/v2\/pages\/500","targetHints":{"allow":["GET"]}}],"collection":[{"href":"https:\/\/karolbaginski.com\/en\/wp-json\/wp\/v2\/pages"}],"about":[{"href":"https:\/\/karolbaginski.com\/en\/wp-json\/wp\/v2\/types\/page"}],"author":[{"embeddable":true,"href":"https:\/\/karolbaginski.com\/en\/wp-json\/wp\/v2\/users\/1"}],"replies":[{"embeddable":true,"href":"https:\/\/karolbaginski.com\/en\/wp-json\/wp\/v2\/comments?post=500"}],"version-history":[{"count":12,"href":"https:\/\/karolbaginski.com\/en\/wp-json\/wp\/v2\/pages\/500\/revisions"}],"predecessor-version":[{"id":2595,"href":"https:\/\/karolbaginski.com\/en\/wp-json\/wp\/v2\/pages\/500\/revisions\/2595"}],"wp:attachment":[{"href":"https:\/\/karolbaginski.com\/en\/wp-json\/wp\/v2\/media?parent=500"}],"curies":[{"name":"wp","href":"https:\/\/api.w.org\/{rel}","templated":true}]}}